{"id":30,"date":"2021-10-10T12:33:23","date_gmt":"2021-10-10T17:33:23","guid":{"rendered":"http:\/\/wp139604.wpdns.ca?page_id=30"},"modified":"2022-03-25T14:18:42","modified_gmt":"2022-03-25T19:18:42","slug":"traduction-et-revision","status":"publish","type":"page","link":"https:\/\/www.abcplus.ca\/en\/traduction-et-revision\/","title":{"rendered":"Our Services"},"content":{"rendered":"<div data-elementor-type=\"wp-page\" data-elementor-id=\"30\" class=\"elementor elementor-30\" data-elementor-post-type=\"page\">\n\t\t\t\t\t\t<section class=\"elementor-section elementor-top-section elementor-element elementor-element-65de70e elementor-section-height-min-height elementor-section-boxed elementor-section-height-default elementor-section-items-middle\" data-id=\"65de70e\" data-element_type=\"section\" data-settings=\"{&quot;background_background&quot;:&quot;classic&quot;,&quot;shape_divider_bottom&quot;:&quot;opacity-tilt&quot;}\">\n\t\t\t\t\t\t\t<div class=\"elementor-background-overlay\"><\/div>\n\t\t\t\t\t\t<div class=\"elementor-shape elementor-shape-bottom\" aria-hidden=\"true\" data-negative=\"false\">\n\t\t\t<svg xmlns=\"http:\/\/www.w3.org\/2000\/svg\" viewbox=\"0 0 2600 131.1\" preserveaspectratio=\"none\">\n\t<path class=\"elementor-shape-fill\" d=\"M0 0L2600 0 2600 69.1 0 0z\"\/>\n\t<path class=\"elementor-shape-fill\" style=\"opacity:0.5\" d=\"M0 0L2600 0 2600 69.1 0 69.1z\"\/>\n\t<path class=\"elementor-shape-fill\" style=\"opacity:0.25\" d=\"M2600 0L0 0 0 130.1 2600 69.1z\"\/>\n<\/svg>\t\t<\/div>\n\t\t\t\t\t<div class=\"elementor-container elementor-column-gap-default\">\n\t\t\t\t\t<div class=\"elementor-column elementor-col-100 elementor-top-column elementor-element elementor-element-887b31f\" data-id=\"887b31f\" data-element_type=\"column\">\n\t\t\t<div class=\"elementor-widget-wrap elementor-element-populated\">\n\t\t\t\t\t\t<div class=\"elementor-element elementor-element-0da4c9c elementor-widget elementor-widget-heading\" data-id=\"0da4c9c\" data-element_type=\"widget\" data-widget_type=\"heading.default\">\n\t\t\t\t<div class=\"elementor-widget-container\">\n\t\t\t\t\t<h2 class=\"elementor-heading-title elementor-size-default\">Provide customized translation and revision services with due regard to accuracy and rigor.<\/h2>\t\t\t\t<\/div>\n\t\t\t\t<\/div>\n\t\t\t\t\t<\/div>\n\t\t<\/div>\n\t\t\t\t\t<\/div>\n\t\t<\/section>\n\t\t\t\t<section class=\"elementor-section elementor-top-section elementor-element elementor-element-5dd4a90 elementor-section-height-min-height elementor-section-boxed elementor-section-height-default elementor-section-items-middle\" data-id=\"5dd4a90\" data-element_type=\"section\">\n\t\t\t\t\t\t<div class=\"elementor-container elementor-column-gap-default\">\n\t\t\t\t\t<div class=\"elementor-column elementor-col-50 elementor-top-column elementor-element elementor-element-478cd59\" data-id=\"478cd59\" data-element_type=\"column\">\n\t\t\t<div class=\"elementor-widget-wrap elementor-element-populated\">\n\t\t\t\t\t\t<div class=\"elementor-element elementor-element-8672b53 elementor-widget elementor-widget-text-editor\" data-id=\"8672b53\" data-element_type=\"widget\" data-widget_type=\"text-editor.default\">\n\t\t\t\t<div class=\"elementor-widget-container\">\n\t\t\t\t\t\t\t\t\t<p><strong><span style=\"color: #003366;\">ABC Plus<\/span><\/strong> is a trusted team that offers translation and revision services and provides outstanding service to a diverse client base.<\/p><p>Communicating in your customer's language is an essential part of any international market strategy. Our services allow you to obtain quality translation and revision to reach new clients and retain your current clientele.<\/p><p><strong><span style=\"color: #003366;\">ABC Plus<\/span><\/strong> guarantees quality translations, reliable, professional and customized services, fast delivery according to your deadline and confidentiality of all your documents. Experience and reputation, a trustworthy asset.<\/p><p>Over the years, <strong><span style=\"color: #003366;\">ABC Plus<\/span><\/strong> has delivered thousands of quality translations on time and has maintained a very high level of customer satisfaction and loyalty.<\/p><p>For quality translations every time, <a href=\"https:\/\/www.abcplus.ca\/en\/nous-joindre\/\">contact us<\/a>\u00a0today to get quote or more information about our translation and revision services.<\/p>\t\t\t\t\t\t\t\t<\/div>\n\t\t\t\t<\/div>\n\t\t\t\t\t<\/div>\n\t\t<\/div>\n\t\t\t\t<div class=\"elementor-column elementor-col-50 elementor-top-column elementor-element elementor-element-cdf3de1\" data-id=\"cdf3de1\" data-element_type=\"column\">\n\t\t\t<div class=\"elementor-widget-wrap elementor-element-populated\">\n\t\t\t\t\t\t<div class=\"elementor-element elementor-element-adc8766 elementor-widget elementor-widget-image\" data-id=\"adc8766\" data-element_type=\"widget\" data-widget_type=\"image.default\">\n\t\t\t\t<div class=\"elementor-widget-container\">\n\t\t\t\t\t\t\t\t\t\t\t\t\t\t\t<img decoding=\"async\" width=\"300\" height=\"132\" src=\"https:\/\/www.abcplus.ca\/wp-content\/uploads\/2021\/10\/cropped-abc-300x132.png\" class=\"attachment-medium size-medium wp-image-16\" alt=\"\" srcset=\"https:\/\/www.abcplus.ca\/wp-content\/uploads\/2021\/10\/cropped-abc-300x132.png 300w, https:\/\/www.abcplus.ca\/wp-content\/uploads\/2021\/10\/cropped-abc-1024x452.png 1024w, https:\/\/www.abcplus.ca\/wp-content\/uploads\/2021\/10\/cropped-abc-768x339.png 768w, https:\/\/www.abcplus.ca\/wp-content\/uploads\/2021\/10\/cropped-abc-1536x678.png 1536w, https:\/\/www.abcplus.ca\/wp-content\/uploads\/2021\/10\/cropped-abc-2048x903.png 2048w\" sizes=\"(max-width: 300px) 100vw, 300px\" \/>\t\t\t\t\t\t\t\t\t\t\t\t\t\t\t<\/div>\n\t\t\t\t<\/div>\n\t\t\t\t\t<\/div>\n\t\t<\/div>\n\t\t\t\t\t<\/div>\n\t\t<\/section>\n\t\t\t\t<section class=\"elementor-section elementor-top-section elementor-element elementor-element-ac774d4 elementor-section-height-min-height elementor-section-boxed elementor-section-height-default elementor-section-items-middle\" data-id=\"ac774d4\" data-element_type=\"section\" data-settings=\"{&quot;background_background&quot;:&quot;classic&quot;}\">\n\t\t\t\t\t\t\t<div class=\"elementor-background-overlay\"><\/div>\n\t\t\t\t\t\t\t<div class=\"elementor-container elementor-column-gap-default\">\n\t\t\t\t\t<div class=\"elementor-column elementor-col-50 elementor-top-column elementor-element elementor-element-85c0d51\" data-id=\"85c0d51\" data-element_type=\"column\">\n\t\t\t<div class=\"elementor-widget-wrap\">\n\t\t\t\t\t\t\t<\/div>\n\t\t<\/div>\n\t\t\t\t<div class=\"elementor-column elementor-col-50 elementor-top-column elementor-element elementor-element-bf1f9a4\" data-id=\"bf1f9a4\" data-element_type=\"column\" data-settings=\"{&quot;background_background&quot;:&quot;classic&quot;}\">\n\t\t\t<div class=\"elementor-widget-wrap elementor-element-populated\">\n\t\t\t\t\t\t<div class=\"elementor-element elementor-element-bdf38b5 elementor-widget elementor-widget-heading\" data-id=\"bdf38b5\" data-element_type=\"widget\" data-widget_type=\"heading.default\">\n\t\t\t\t<div class=\"elementor-widget-container\">\n\t\t\t\t\t<h1 class=\"elementor-heading-title elementor-size-default\">OUR WARRANTY<\/h1>\t\t\t\t<\/div>\n\t\t\t\t<\/div>\n\t\t\t\t<div class=\"elementor-element elementor-element-b0a3916 elementor-widget elementor-widget-text-editor\" data-id=\"b0a3916\" data-element_type=\"widget\" data-widget_type=\"text-editor.default\">\n\t\t\t\t<div class=\"elementor-widget-container\">\n\t\t\t\t\t\t\t\t\t<p>We are committed to providing only quality translations and to delivering them on time.<br \/><br \/>We are also committed to protecting the confidentiality of all documents entrusted to us.<\/p>\t\t\t\t\t\t\t\t<\/div>\n\t\t\t\t<\/div>\n\t\t\t\t\t<\/div>\n\t\t<\/div>\n\t\t\t\t\t<\/div>\n\t\t<\/section>\n\t\t\t\t<section class=\"elementor-section elementor-top-section elementor-element elementor-element-f6ee456 elementor-section-boxed elementor-section-height-default elementor-section-height-default\" data-id=\"f6ee456\" data-element_type=\"section\">\n\t\t\t\t\t\t<div class=\"elementor-container elementor-column-gap-default\">\n\t\t\t\t\t<div class=\"elementor-column elementor-col-100 elementor-top-column elementor-element elementor-element-141bfa1\" data-id=\"141bfa1\" data-element_type=\"column\">\n\t\t\t<div class=\"elementor-widget-wrap elementor-element-populated\">\n\t\t\t\t\t\t<div class=\"elementor-element elementor-element-3ba453b elementor-widget elementor-widget-heading\" data-id=\"3ba453b\" data-element_type=\"widget\" data-widget_type=\"heading.default\">\n\t\t\t\t<div class=\"elementor-widget-container\">\n\t\t\t\t\t<h2 class=\"elementor-heading-title elementor-size-default\">Over the years, ABC Plus has delivered thousands of quality translations on time.<\/h2>\t\t\t\t<\/div>\n\t\t\t\t<\/div>\n\t\t\t\t\t<\/div>\n\t\t<\/div>\n\t\t\t\t\t<\/div>\n\t\t<\/section>\n\t\t\t\t<\/div>","protected":false},"excerpt":{"rendered":"<p>Fournir des services de traduction et de r\u00e9vision personnalis\u00e9s dans le respect de la pr\u00e9cision et de la rigueur ABC Plus est une \u00e9quipe digne de confiance qui offre des services de traduction et de r\u00e9vision et qui assure un service hors pair \u00e0 une client\u00e8le diversifi\u00e9e. Communiquer dans la langue de vos clients est [&hellip;]<\/p>","protected":false},"author":1,"featured_media":0,"parent":0,"menu_order":0,"comment_status":"closed","ping_status":"closed","template":"","meta":{"footnotes":""},"class_list":["post-30","page","type-page","status-publish","hentry"],"yoast_head":"<!-- This site is optimized with the Yoast SEO plugin v27.3 - https:\/\/yoast.com\/product\/yoast-seo-wordpress\/ -->\n<title>Nos services - ABC Plus traduction<\/title>\n<meta name=\"robots\" content=\"index, follow, max-snippet:-1, max-image-preview:large, max-video-preview:-1\" \/>\n<link rel=\"canonical\" href=\"https:\/\/www.abcplus.ca\/en\/traduction-et-revision\/\" \/>\n<meta property=\"og:locale\" content=\"en_US\" \/>\n<meta property=\"og:type\" content=\"article\" \/>\n<meta property=\"og:title\" content=\"Nos services - ABC Plus traduction\" \/>\n<meta property=\"og:description\" content=\"Fournir des services de traduction et de r\u00e9vision personnalis\u00e9s dans le respect de la pr\u00e9cision et de la rigueur ABC Plus est une \u00e9quipe digne de confiance qui offre des services de traduction et de r\u00e9vision et qui assure un service hors pair \u00e0 une client\u00e8le diversifi\u00e9e. Communiquer dans la langue de vos clients est [&hellip;]\" \/>\n<meta property=\"og:url\" content=\"https:\/\/www.abcplus.ca\/en\/traduction-et-revision\/\" \/>\n<meta property=\"og:site_name\" content=\"ABC Plus traduction\" \/>\n<meta property=\"article:publisher\" content=\"https:\/\/www.facebook.com\/abplustraduction\" \/>\n<meta property=\"article:modified_time\" content=\"2022-03-25T19:18:42+00:00\" \/>\n<meta property=\"og:image\" content=\"https:\/\/www.abcplus.ca\/wp-content\/uploads\/2021\/10\/cropped-abc-300x132.png\" \/>\n<meta name=\"twitter:card\" content=\"summary_large_image\" \/>\n<meta name=\"twitter:label1\" content=\"Est. reading time\" \/>\n\t<meta name=\"twitter:data1\" content=\"2 minutes\" \/>\n<script type=\"application\/ld+json\" class=\"yoast-schema-graph\">{\"@context\":\"https:\\\/\\\/schema.org\",\"@graph\":[{\"@type\":\"WebPage\",\"@id\":\"https:\\\/\\\/www.abcplus.ca\\\/traduction-et-revision\\\/\",\"url\":\"https:\\\/\\\/www.abcplus.ca\\\/traduction-et-revision\\\/\",\"name\":\"Nos services - ABC Plus traduction\",\"isPartOf\":{\"@id\":\"https:\\\/\\\/www.abcplus.ca\\\/#website\"},\"primaryImageOfPage\":{\"@id\":\"https:\\\/\\\/www.abcplus.ca\\\/traduction-et-revision\\\/#primaryimage\"},\"image\":{\"@id\":\"https:\\\/\\\/www.abcplus.ca\\\/traduction-et-revision\\\/#primaryimage\"},\"thumbnailUrl\":\"https:\\\/\\\/www.abcplus.ca\\\/wp-content\\\/uploads\\\/2021\\\/10\\\/cropped-abc-300x132.png\",\"datePublished\":\"2021-10-10T17:33:23+00:00\",\"dateModified\":\"2022-03-25T19:18:42+00:00\",\"breadcrumb\":{\"@id\":\"https:\\\/\\\/www.abcplus.ca\\\/traduction-et-revision\\\/#breadcrumb\"},\"inLanguage\":\"en-CA\",\"potentialAction\":[{\"@type\":\"ReadAction\",\"target\":[\"https:\\\/\\\/www.abcplus.ca\\\/traduction-et-revision\\\/\"]}]},{\"@type\":\"ImageObject\",\"inLanguage\":\"en-CA\",\"@id\":\"https:\\\/\\\/www.abcplus.ca\\\/traduction-et-revision\\\/#primaryimage\",\"url\":\"https:\\\/\\\/www.abcplus.ca\\\/wp-content\\\/uploads\\\/2021\\\/10\\\/cropped-abc-300x132.png\",\"contentUrl\":\"https:\\\/\\\/www.abcplus.ca\\\/wp-content\\\/uploads\\\/2021\\\/10\\\/cropped-abc-300x132.png\"},{\"@type\":\"BreadcrumbList\",\"@id\":\"https:\\\/\\\/www.abcplus.ca\\\/traduction-et-revision\\\/#breadcrumb\",\"itemListElement\":[{\"@type\":\"ListItem\",\"position\":1,\"name\":\"Accueil\",\"item\":\"https:\\\/\\\/www.abcplus.ca\\\/\"},{\"@type\":\"ListItem\",\"position\":2,\"name\":\"Nos services\"}]},{\"@type\":\"WebSite\",\"@id\":\"https:\\\/\\\/www.abcplus.ca\\\/#website\",\"url\":\"https:\\\/\\\/www.abcplus.ca\\\/\",\"name\":\"ABC Plus traduction\",\"description\":\"traduction\\\/translation\",\"publisher\":{\"@id\":\"https:\\\/\\\/www.abcplus.ca\\\/#organization\"},\"potentialAction\":[{\"@type\":\"SearchAction\",\"target\":{\"@type\":\"EntryPoint\",\"urlTemplate\":\"https:\\\/\\\/www.abcplus.ca\\\/?s={search_term_string}\"},\"query-input\":{\"@type\":\"PropertyValueSpecification\",\"valueRequired\":true,\"valueName\":\"search_term_string\"}}],\"inLanguage\":\"en-CA\"},{\"@type\":\"Organization\",\"@id\":\"https:\\\/\\\/www.abcplus.ca\\\/#organization\",\"name\":\"ABC Plus\",\"url\":\"https:\\\/\\\/www.abcplus.ca\\\/\",\"logo\":{\"@type\":\"ImageObject\",\"inLanguage\":\"en-CA\",\"@id\":\"https:\\\/\\\/www.abcplus.ca\\\/#\\\/schema\\\/logo\\\/image\\\/\",\"url\":\"https:\\\/\\\/www.abcplus.ca\\\/wp-content\\\/uploads\\\/2021\\\/10\\\/cropped-ABC_favicon_blanc.jpg\",\"contentUrl\":\"https:\\\/\\\/www.abcplus.ca\\\/wp-content\\\/uploads\\\/2021\\\/10\\\/cropped-ABC_favicon_blanc.jpg\",\"width\":512,\"height\":512,\"caption\":\"ABC Plus\"},\"image\":{\"@id\":\"https:\\\/\\\/www.abcplus.ca\\\/#\\\/schema\\\/logo\\\/image\\\/\"},\"sameAs\":[\"https:\\\/\\\/www.facebook.com\\\/abplustraduction\"]}]}<\/script>\n<!-- \/ Yoast SEO plugin. -->","yoast_head_json":{"title":"Nos services - ABC Plus traduction","robots":{"index":"index","follow":"follow","max-snippet":"max-snippet:-1","max-image-preview":"max-image-preview:large","max-video-preview":"max-video-preview:-1"},"canonical":"https:\/\/www.abcplus.ca\/en\/traduction-et-revision\/","og_locale":"en_US","og_type":"article","og_title":"Nos services - ABC Plus traduction","og_description":"Fournir des services de traduction et de r\u00e9vision personnalis\u00e9s dans le respect de la pr\u00e9cision et de la rigueur ABC Plus est une \u00e9quipe digne de confiance qui offre des services de traduction et de r\u00e9vision et qui assure un service hors pair \u00e0 une client\u00e8le diversifi\u00e9e. Communiquer dans la langue de vos clients est [&hellip;]","og_url":"https:\/\/www.abcplus.ca\/en\/traduction-et-revision\/","og_site_name":"ABC Plus traduction","article_publisher":"https:\/\/www.facebook.com\/abplustraduction","article_modified_time":"2022-03-25T19:18:42+00:00","og_image":[{"url":"https:\/\/www.abcplus.ca\/wp-content\/uploads\/2021\/10\/cropped-abc-300x132.png","type":"","width":"","height":""}],"twitter_card":"summary_large_image","twitter_misc":{"Est. reading time":"2 minutes"},"schema":{"@context":"https:\/\/schema.org","@graph":[{"@type":"WebPage","@id":"https:\/\/www.abcplus.ca\/traduction-et-revision\/","url":"https:\/\/www.abcplus.ca\/traduction-et-revision\/","name":"Nos services - ABC Plus traduction","isPartOf":{"@id":"https:\/\/www.abcplus.ca\/#website"},"primaryImageOfPage":{"@id":"https:\/\/www.abcplus.ca\/traduction-et-revision\/#primaryimage"},"image":{"@id":"https:\/\/www.abcplus.ca\/traduction-et-revision\/#primaryimage"},"thumbnailUrl":"https:\/\/www.abcplus.ca\/wp-content\/uploads\/2021\/10\/cropped-abc-300x132.png","datePublished":"2021-10-10T17:33:23+00:00","dateModified":"2022-03-25T19:18:42+00:00","breadcrumb":{"@id":"https:\/\/www.abcplus.ca\/traduction-et-revision\/#breadcrumb"},"inLanguage":"en-CA","potentialAction":[{"@type":"ReadAction","target":["https:\/\/www.abcplus.ca\/traduction-et-revision\/"]}]},{"@type":"ImageObject","inLanguage":"en-CA","@id":"https:\/\/www.abcplus.ca\/traduction-et-revision\/#primaryimage","url":"https:\/\/www.abcplus.ca\/wp-content\/uploads\/2021\/10\/cropped-abc-300x132.png","contentUrl":"https:\/\/www.abcplus.ca\/wp-content\/uploads\/2021\/10\/cropped-abc-300x132.png"},{"@type":"BreadcrumbList","@id":"https:\/\/www.abcplus.ca\/traduction-et-revision\/#breadcrumb","itemListElement":[{"@type":"ListItem","position":1,"name":"Accueil","item":"https:\/\/www.abcplus.ca\/"},{"@type":"ListItem","position":2,"name":"Nos services"}]},{"@type":"WebSite","@id":"https:\/\/www.abcplus.ca\/#website","url":"https:\/\/www.abcplus.ca\/","name":"ABC Plus traduction","description":"traduction\/translation","publisher":{"@id":"https:\/\/www.abcplus.ca\/#organization"},"potentialAction":[{"@type":"SearchAction","target":{"@type":"EntryPoint","urlTemplate":"https:\/\/www.abcplus.ca\/?s={search_term_string}"},"query-input":{"@type":"PropertyValueSpecification","valueRequired":true,"valueName":"search_term_string"}}],"inLanguage":"en-CA"},{"@type":"Organization","@id":"https:\/\/www.abcplus.ca\/#organization","name":"ABC Plus","url":"https:\/\/www.abcplus.ca\/","logo":{"@type":"ImageObject","inLanguage":"en-CA","@id":"https:\/\/www.abcplus.ca\/#\/schema\/logo\/image\/","url":"https:\/\/www.abcplus.ca\/wp-content\/uploads\/2021\/10\/cropped-ABC_favicon_blanc.jpg","contentUrl":"https:\/\/www.abcplus.ca\/wp-content\/uploads\/2021\/10\/cropped-ABC_favicon_blanc.jpg","width":512,"height":512,"caption":"ABC Plus"},"image":{"@id":"https:\/\/www.abcplus.ca\/#\/schema\/logo\/image\/"},"sameAs":["https:\/\/www.facebook.com\/abplustraduction"]}]}},"_links":{"self":[{"href":"https:\/\/www.abcplus.ca\/en\/wp-json\/wp\/v2\/pages\/30","targetHints":{"allow":["GET"]}}],"collection":[{"href":"https:\/\/www.abcplus.ca\/en\/wp-json\/wp\/v2\/pages"}],"about":[{"href":"https:\/\/www.abcplus.ca\/en\/wp-json\/wp\/v2\/types\/page"}],"author":[{"embeddable":true,"href":"https:\/\/www.abcplus.ca\/en\/wp-json\/wp\/v2\/users\/1"}],"replies":[{"embeddable":true,"href":"https:\/\/www.abcplus.ca\/en\/wp-json\/wp\/v2\/comments?post=30"}],"version-history":[{"count":3,"href":"https:\/\/www.abcplus.ca\/en\/wp-json\/wp\/v2\/pages\/30\/revisions"}],"predecessor-version":[{"id":1484,"href":"https:\/\/www.abcplus.ca\/en\/wp-json\/wp\/v2\/pages\/30\/revisions\/1484"}],"wp:attachment":[{"href":"https:\/\/www.abcplus.ca\/en\/wp-json\/wp\/v2\/media?parent=30"}],"curies":[{"name":"wp","href":"https:\/\/api.w.org\/{rel}","templated":true}]}}