{"id":34,"date":"2021-10-10T12:33:53","date_gmt":"2021-10-10T17:33:53","guid":{"rendered":"http:\/\/wp139604.wpdns.ca?page_id=34"},"modified":"2022-05-16T22:06:47","modified_gmt":"2022-05-17T03:06:47","slug":"nous-joindre","status":"publish","type":"page","link":"https:\/\/www.abcplus.ca\/en\/nous-joindre\/","title":{"rendered":"Contact Us"},"content":{"rendered":"<div data-elementor-type=\"wp-page\" data-elementor-id=\"34\" class=\"elementor elementor-34\" data-elementor-post-type=\"page\">\n\t\t\t\t\t\t<section class=\"elementor-section elementor-top-section elementor-element elementor-element-409eb18 elementor-section-height-min-height elementor-section-boxed elementor-section-height-default elementor-section-items-middle\" data-id=\"409eb18\" data-element_type=\"section\" data-settings=\"{&quot;background_background&quot;:&quot;classic&quot;,&quot;shape_divider_bottom&quot;:&quot;opacity-tilt&quot;}\">\n\t\t\t\t\t\t\t<div class=\"elementor-background-overlay\"><\/div>\n\t\t\t\t\t\t<div class=\"elementor-shape elementor-shape-bottom\" aria-hidden=\"true\" data-negative=\"false\">\n\t\t\t<svg xmlns=\"http:\/\/www.w3.org\/2000\/svg\" viewbox=\"0 0 2600 131.1\" preserveaspectratio=\"none\">\n\t<path class=\"elementor-shape-fill\" d=\"M0 0L2600 0 2600 69.1 0 0z\"\/>\n\t<path class=\"elementor-shape-fill\" style=\"opacity:0.5\" d=\"M0 0L2600 0 2600 69.1 0 69.1z\"\/>\n\t<path class=\"elementor-shape-fill\" style=\"opacity:0.25\" d=\"M2600 0L0 0 0 130.1 2600 69.1z\"\/>\n<\/svg>\t\t<\/div>\n\t\t\t\t\t<div class=\"elementor-container elementor-column-gap-default\">\n\t\t\t\t\t<div class=\"elementor-column elementor-col-100 elementor-top-column elementor-element elementor-element-6307d49\" data-id=\"6307d49\" data-element_type=\"column\">\n\t\t\t<div class=\"elementor-widget-wrap elementor-element-populated\">\n\t\t\t\t\t\t<div class=\"elementor-element elementor-element-0f8dfbf elementor-widget elementor-widget-heading\" data-id=\"0f8dfbf\" data-element_type=\"widget\" data-widget_type=\"heading.default\">\n\t\t\t\t<div class=\"elementor-widget-container\">\n\t\t\t\t\t<h2 class=\"elementor-heading-title elementor-size-default\">Do you need a document translated into French or English?<\/h2>\t\t\t\t<\/div>\n\t\t\t\t<\/div>\n\t\t\t\t\t<\/div>\n\t\t<\/div>\n\t\t\t\t\t<\/div>\n\t\t<\/section>\n\t\t\t\t<section class=\"elementor-section elementor-top-section elementor-element elementor-element-abb4a69 elementor-section-height-min-height elementor-section-boxed elementor-section-height-default elementor-section-items-middle\" data-id=\"abb4a69\" data-element_type=\"section\">\n\t\t\t\t\t\t<div class=\"elementor-container elementor-column-gap-default\">\n\t\t\t\t\t<div class=\"elementor-column elementor-col-100 elementor-top-column elementor-element elementor-element-d5cfe78\" data-id=\"d5cfe78\" data-element_type=\"column\">\n\t\t\t<div class=\"elementor-widget-wrap elementor-element-populated\">\n\t\t\t\t\t\t<div class=\"elementor-element elementor-element-6d227e2 elementor-widget elementor-widget-text-editor\" data-id=\"6d227e2\" data-element_type=\"widget\" data-widget_type=\"text-editor.default\">\n\t\t\t\t<div class=\"elementor-widget-container\">\n\t\t\t\t\t\t\t\t\t<p><span style=\"color: #003366;\"><strong>ABC Plus<\/strong><\/span>\u00a0can meet your translation needs! We offer competitive rates and fast delivery times.<\/p><p>To get a quote, contact ABC Plus by phone at\u00a0<a href=\"tel:15146328401\">514 831-4127<\/a> or by email at\u00a0<a href=\"mailto:info@abcplus.ca\" target=\"_blank\" rel=\"noopener\">info@abcplus.ca<\/a>.<\/p><p>We will be happy to provide you with a quote and we will be proud to contribute to your success!<\/p><p><span style=\"color: #003366;\"><strong>ABC Plus<\/strong><\/span>, for quality translations every time!<\/p>\t\t\t\t\t\t\t\t<\/div>\n\t\t\t\t<\/div>\n\t\t\t\t<div class=\"elementor-element elementor-element-2a29557 elementor-icon-list--layout-inline elementor-align-start elementor-mobile-align-center elementor-tablet-align-center elementor-list-item-link-full_width elementor-widget elementor-widget-icon-list\" data-id=\"2a29557\" data-element_type=\"widget\" data-widget_type=\"icon-list.default\">\n\t\t\t\t<div class=\"elementor-widget-container\">\n\t\t\t\t\t\t\t<ul class=\"elementor-icon-list-items elementor-inline-items\">\n\t\t\t\t\t\t\t<li class=\"elementor-icon-list-item elementor-inline-item\">\n\t\t\t\t\t\t\t\t\t\t\t<a href=\"mailto:christina.lussier@abcplus.ca\" target=\"_blank\">\n\n\t\t\t\t\t\t\t\t\t\t\t\t<span class=\"elementor-icon-list-icon\">\n\t\t\t\t\t\t\t<i aria-hidden=\"true\" class=\"far fa-envelope\"><\/i>\t\t\t\t\t\t<\/span>\n\t\t\t\t\t\t\t\t\t\t<span class=\"elementor-icon-list-text\">Christina Lussier<\/span>\n\t\t\t\t\t\t\t\t\t\t\t<\/a>\n\t\t\t\t\t\t\t\t\t<\/li>\n\t\t\t\t\t\t\t\t<li class=\"elementor-icon-list-item elementor-inline-item\">\n\t\t\t\t\t\t\t\t\t\t\t<a href=\"mailto:wilhelmina.vandoorn@abcplus.ca\" target=\"_blank\">\n\n\t\t\t\t\t\t\t\t\t\t\t\t<span class=\"elementor-icon-list-icon\">\n\t\t\t\t\t\t\t<i aria-hidden=\"true\" class=\"far fa-envelope\"><\/i>\t\t\t\t\t\t<\/span>\n\t\t\t\t\t\t\t\t\t\t<span class=\"elementor-icon-list-text\">Wilhelmina van Doorn<\/span>\n\t\t\t\t\t\t\t\t\t\t\t<\/a>\n\t\t\t\t\t\t\t\t\t<\/li>\n\t\t\t\t\t\t<\/ul>\n\t\t\t\t\t\t<\/div>\n\t\t\t\t<\/div>\n\t\t\t\t<div class=\"elementor-element elementor-element-f99eb7c elementor-widget elementor-widget-heading\" data-id=\"f99eb7c\" data-element_type=\"widget\" data-widget_type=\"heading.default\">\n\t\t\t\t<div class=\"elementor-widget-container\">\n\t\t\t\t\t<h2 class=\"elementor-heading-title elementor-size-default\">Contact Us<\/h2>\t\t\t\t<\/div>\n\t\t\t\t<\/div>\n\t\t\t\t<div class=\"elementor-element elementor-element-9135185 elementor-button-align-center elementor-mobile-button-align-stretch elementor-widget elementor-widget-form\" data-id=\"9135185\" data-element_type=\"widget\" data-settings=\"{&quot;step_next_label&quot;:&quot;Suivant&quot;,&quot;step_previous_label&quot;:&quot;Pr\\u00e9c\\u00e9dent&quot;,&quot;button_width_mobile&quot;:&quot;100&quot;,&quot;button_width&quot;:&quot;100&quot;,&quot;step_type&quot;:&quot;number_text&quot;,&quot;step_icon_shape&quot;:&quot;circle&quot;}\" data-widget_type=\"form.default\">\n\t\t\t\t<div class=\"elementor-widget-container\">\n\t\t\t\t\t\t\t<form class=\"elementor-form\" method=\"post\" name=\"Nouveau formulaire\" aria-label=\"Nouveau formulaire\" action=\"\">\n\t\t\t<input type=\"hidden\" name=\"post_id\" value=\"34\"\/>\n\t\t\t<input type=\"hidden\" name=\"form_id\" value=\"9135185\"\/>\n\t\t\t<input type=\"hidden\" name=\"referer_title\" value=\"ABC Plus traduction\" \/>\n\n\t\t\t\n\t\t\t<div class=\"elementor-form-fields-wrapper elementor-labels-\">\n\t\t\t\t\t\t\t\t<div class=\"elementor-field-type-text elementor-field-group elementor-column elementor-field-group-field_12a7e4c elementor-col-50 elementor-field-required\">\n\t\t\t\t\t\t\t\t\t\t\t\t<label for=\"form-field-field_12a7e4c\" class=\"elementor-field-label elementor-screen-only\">\n\t\t\t\t\t\t\t\tFirst Name\t\t\t\t\t\t\t<\/label>\n\t\t\t\t\t\t\t\t\t\t\t\t\t\t<input size=\"1\" type=\"text\" name=\"form_fields[field_12a7e4c]\" id=\"form-field-field_12a7e4c\" class=\"elementor-field elementor-size-md  elementor-field-textual\" placeholder=\"First Name\" required=\"required\">\n\t\t\t\t\t\t\t\t\t\t\t<\/div>\n\t\t\t\t\t\t\t\t<div class=\"elementor-field-type-text elementor-field-group elementor-column elementor-field-group-name elementor-col-50 elementor-field-required\">\n\t\t\t\t\t\t\t\t\t\t\t\t<label for=\"form-field-name\" class=\"elementor-field-label elementor-screen-only\">\n\t\t\t\t\t\t\t\tLast Name\t\t\t\t\t\t\t<\/label>\n\t\t\t\t\t\t\t\t\t\t\t\t\t\t<input size=\"1\" type=\"text\" name=\"form_fields[name]\" id=\"form-field-name\" class=\"elementor-field elementor-size-md  elementor-field-textual\" placeholder=\"Last Name\" required=\"required\">\n\t\t\t\t\t\t\t\t\t\t\t<\/div>\n\t\t\t\t\t\t\t\t<div class=\"elementor-field-type-email elementor-field-group elementor-column elementor-field-group-email elementor-col-50 elementor-field-required\">\n\t\t\t\t\t\t\t\t\t\t\t\t<label for=\"form-field-email\" class=\"elementor-field-label elementor-screen-only\">\n\t\t\t\t\t\t\t\tEmail\t\t\t\t\t\t\t<\/label>\n\t\t\t\t\t\t\t\t\t\t\t\t\t\t<input size=\"1\" type=\"email\" name=\"form_fields[email]\" id=\"form-field-email\" class=\"elementor-field elementor-size-md  elementor-field-textual\" placeholder=\"Email\" required=\"required\">\n\t\t\t\t\t\t\t\t\t\t\t<\/div>\n\t\t\t\t\t\t\t\t<div class=\"elementor-field-type-text elementor-field-group elementor-column elementor-field-group-field_3cfdf3e elementor-col-50\">\n\t\t\t\t\t\t\t\t\t\t\t\t<label for=\"form-field-field_3cfdf3e\" class=\"elementor-field-label elementor-screen-only\">\n\t\t\t\t\t\t\t\tCompany (Optional)\t\t\t\t\t\t\t<\/label>\n\t\t\t\t\t\t\t\t\t\t\t\t\t\t<input size=\"1\" type=\"text\" name=\"form_fields[field_3cfdf3e]\" id=\"form-field-field_3cfdf3e\" class=\"elementor-field elementor-size-md  elementor-field-textual\" placeholder=\"Company (Optional)\">\n\t\t\t\t\t\t\t\t\t\t\t<\/div>\n\t\t\t\t\t\t\t\t<div class=\"elementor-field-type-textarea elementor-field-group elementor-column elementor-field-group-message elementor-col-100\">\n\t\t\t\t\t\t\t\t\t\t\t\t<label for=\"form-field-message\" class=\"elementor-field-label elementor-screen-only\">\n\t\t\t\t\t\t\t\tMessage(s), commentaire(s) ou question(s)\t\t\t\t\t\t\t<\/label>\n\t\t\t\t\t\t<textarea class=\"elementor-field-textual elementor-field  elementor-size-md\" name=\"form_fields[message]\" id=\"form-field-message\" rows=\"4\" placeholder=\"Message\"><\/textarea>\t\t\t\t<\/div>\n\t\t\t\t\t\t\t\t<div class=\"elementor-field-type-upload elementor-field-group elementor-column elementor-field-group-field_74d027c elementor-col-100 elementor-sm-100\">\n\t\t\t\t\t\t\t\t\t\t\t\t<label for=\"form-field-field_74d027c\" class=\"elementor-field-label elementor-screen-only\">\n\t\t\t\t\t\t\t\tEnvoyer un document (max. 5MB)\t\t\t\t\t\t\t<\/label>\n\t\t\t\t\t\t\t\t<input type=\"file\" name=\"form_fields[field_74d027c][]\" id=\"form-field-field_74d027c\" class=\"elementor-field elementor-size-md  elementor-upload-field\" multiple=\"multiple\" data-maxsize=\"5\" data-maxsize-message=\"Ce fichier d\u00e9passe la taille maximale autoris\u00e9e.\">\n\n\t\t\t\t\t\t<\/div>\n\t\t\t\t\t\t\t\t<div class=\"elementor-field-type-recaptcha_v3 elementor-field-group elementor-column elementor-field-group-field_6a97e40 elementor-col-100 recaptcha_v3-bottomleft\">\n\t\t\t\t\t<div class=\"elementor-field\" id=\"form-field-field_6a97e40\"><div class=\"elementor-g-recaptcha\" data-sitekey=\"6LchO38dAAAAAD7S9T_9YwLkCiKpurQc83WZZUah\" data-type=\"v3\" data-action=\"Form\" data-badge=\"bottomleft\" data-size=\"invisible\"><\/div><\/div>\t\t\t\t<\/div>\n\t\t\t\t\t\t\t\t<div class=\"elementor-field-type-recaptcha_v3 elementor-field-group elementor-column elementor-field-group-field_8c110ee elementor-col-100 recaptcha_v3-bottomleft\">\n\t\t\t\t\t<div class=\"elementor-field\" id=\"form-field-field_8c110ee\"><div class=\"elementor-g-recaptcha\" data-sitekey=\"6LchO38dAAAAAD7S9T_9YwLkCiKpurQc83WZZUah\" data-type=\"v3\" data-action=\"Form\" data-badge=\"bottomleft\" data-size=\"invisible\"><\/div><\/div>\t\t\t\t<\/div>\n\t\t\t\t\t\t\t\t<div class=\"elementor-field-group elementor-column elementor-field-type-submit elementor-col-100 e-form__buttons elementor-sm-100\">\n\t\t\t\t\t<button class=\"elementor-button elementor-size-md\" type=\"submit\">\n\t\t\t\t\t\t<span class=\"elementor-button-content-wrapper\">\n\t\t\t\t\t\t\t\t\t\t\t\t\t\t\t\t\t\t\t\t\t\t<span class=\"elementor-button-text\">Send the email<\/span>\n\t\t\t\t\t\t\t\t\t\t\t\t\t<\/span>\n\t\t\t\t\t<\/button>\n\t\t\t\t<\/div>\n\t\t\t<\/div>\n\t\t<input type=\"hidden\" name=\"trp-form-language\" value=\"en\"\/><\/form>\n\t\t\t\t\t\t<\/div>\n\t\t\t\t<\/div>\n\t\t\t\t<div class=\"elementor-element elementor-element-cf013df elementor-widget elementor-widget-heading\" data-id=\"cf013df\" data-element_type=\"widget\" data-widget_type=\"heading.default\">\n\t\t\t\t<div class=\"elementor-widget-container\">\n\t\t\t\t\t<h2 class=\"elementor-heading-title elementor-size-default\">ABC Plus, for quality translations every time!<\/h2>\t\t\t\t<\/div>\n\t\t\t\t<\/div>\n\t\t\t\t\t<\/div>\n\t\t<\/div>\n\t\t\t\t\t<\/div>\n\t\t<\/section>\n\t\t\t\t<\/div>","protected":false},"excerpt":{"rendered":"<p>Vous voulez faire traduire un document en fran\u00e7ais ou en anglais? ABC Plus\u00a0peut r\u00e9pondre \u00e0 vos besoins en mati\u00e8re de traduction! Nous offrons des tarifs concurrentiels et des d\u00e9lais de livraison rapides. Pour obtenir un devis,\u00a0 veuillez communiquer avec\u00a0ABC Plus\u00a0Traduction par t\u00e9l\u00e9phone au\u00a0514 831-4127 ou par courriel \u00e0\u00a0info@abcplus.ca. Nous serons heureux de vous fournir un [&hellip;]<\/p>","protected":false},"author":1,"featured_media":0,"parent":0,"menu_order":0,"comment_status":"closed","ping_status":"closed","template":"","meta":{"footnotes":""},"class_list":["post-34","page","type-page","status-publish","hentry"],"yoast_head":"<!-- This site is optimized with the Yoast SEO plugin v27.5 - https:\/\/yoast.com\/product\/yoast-seo-wordpress\/ -->\n<title>Nous joindre - ABC Plus traduction<\/title>\n<meta name=\"robots\" content=\"index, follow, max-snippet:-1, max-image-preview:large, max-video-preview:-1\" \/>\n<link rel=\"canonical\" href=\"https:\/\/www.abcplus.ca\/en\/nous-joindre\/\" \/>\n<meta property=\"og:locale\" content=\"en_US\" \/>\n<meta property=\"og:type\" content=\"article\" \/>\n<meta property=\"og:title\" content=\"Nous joindre - ABC Plus traduction\" \/>\n<meta property=\"og:description\" content=\"Vous voulez faire traduire un document en fran\u00e7ais ou en anglais? ABC Plus\u00a0peut r\u00e9pondre \u00e0 vos besoins en mati\u00e8re de traduction! Nous offrons des tarifs concurrentiels et des d\u00e9lais de livraison rapides. Pour obtenir un devis,\u00a0 veuillez communiquer avec\u00a0ABC Plus\u00a0Traduction par t\u00e9l\u00e9phone au\u00a0514 831-4127 ou par courriel \u00e0\u00a0info@abcplus.ca. Nous serons heureux de vous fournir un [&hellip;]\" \/>\n<meta property=\"og:url\" content=\"https:\/\/www.abcplus.ca\/en\/nous-joindre\/\" \/>\n<meta property=\"og:site_name\" content=\"ABC Plus traduction\" \/>\n<meta property=\"article:publisher\" content=\"https:\/\/www.facebook.com\/abplustraduction\" \/>\n<meta property=\"article:modified_time\" content=\"2022-05-17T03:06:47+00:00\" \/>\n<meta property=\"og:image\" content=\"https:\/\/www.abcplus.ca\/wp-content\/uploads\/2021\/10\/cropped-ABC_favicon_blanc.jpg\" \/>\n\t<meta property=\"og:image:width\" content=\"512\" \/>\n\t<meta property=\"og:image:height\" content=\"512\" \/>\n\t<meta property=\"og:image:type\" content=\"image\/jpeg\" \/>\n<meta name=\"twitter:card\" content=\"summary_large_image\" \/>\n<meta name=\"twitter:label1\" content=\"Est. reading time\" \/>\n\t<meta name=\"twitter:data1\" content=\"1 minute\" \/>\n<script type=\"application\/ld+json\" class=\"yoast-schema-graph\">{\"@context\":\"https:\\\/\\\/schema.org\",\"@graph\":[{\"@type\":\"WebPage\",\"@id\":\"https:\\\/\\\/www.abcplus.ca\\\/nous-joindre\\\/\",\"url\":\"https:\\\/\\\/www.abcplus.ca\\\/nous-joindre\\\/\",\"name\":\"Nous joindre - ABC Plus traduction\",\"isPartOf\":{\"@id\":\"https:\\\/\\\/www.abcplus.ca\\\/#website\"},\"datePublished\":\"2021-10-10T17:33:53+00:00\",\"dateModified\":\"2022-05-17T03:06:47+00:00\",\"breadcrumb\":{\"@id\":\"https:\\\/\\\/www.abcplus.ca\\\/nous-joindre\\\/#breadcrumb\"},\"inLanguage\":\"en-CA\",\"potentialAction\":[{\"@type\":\"ReadAction\",\"target\":[\"https:\\\/\\\/www.abcplus.ca\\\/nous-joindre\\\/\"]}]},{\"@type\":\"BreadcrumbList\",\"@id\":\"https:\\\/\\\/www.abcplus.ca\\\/nous-joindre\\\/#breadcrumb\",\"itemListElement\":[{\"@type\":\"ListItem\",\"position\":1,\"name\":\"Accueil\",\"item\":\"https:\\\/\\\/www.abcplus.ca\\\/\"},{\"@type\":\"ListItem\",\"position\":2,\"name\":\"Nous joindre\"}]},{\"@type\":\"WebSite\",\"@id\":\"https:\\\/\\\/www.abcplus.ca\\\/#website\",\"url\":\"https:\\\/\\\/www.abcplus.ca\\\/\",\"name\":\"ABC Plus traduction\",\"description\":\"traduction\\\/translation\",\"publisher\":{\"@id\":\"https:\\\/\\\/www.abcplus.ca\\\/#organization\"},\"potentialAction\":[{\"@type\":\"SearchAction\",\"target\":{\"@type\":\"EntryPoint\",\"urlTemplate\":\"https:\\\/\\\/www.abcplus.ca\\\/?s={search_term_string}\"},\"query-input\":{\"@type\":\"PropertyValueSpecification\",\"valueRequired\":true,\"valueName\":\"search_term_string\"}}],\"inLanguage\":\"en-CA\"},{\"@type\":\"Organization\",\"@id\":\"https:\\\/\\\/www.abcplus.ca\\\/#organization\",\"name\":\"ABC Plus\",\"url\":\"https:\\\/\\\/www.abcplus.ca\\\/\",\"logo\":{\"@type\":\"ImageObject\",\"inLanguage\":\"en-CA\",\"@id\":\"https:\\\/\\\/www.abcplus.ca\\\/#\\\/schema\\\/logo\\\/image\\\/\",\"url\":\"https:\\\/\\\/www.abcplus.ca\\\/wp-content\\\/uploads\\\/2021\\\/10\\\/cropped-ABC_favicon_blanc.jpg\",\"contentUrl\":\"https:\\\/\\\/www.abcplus.ca\\\/wp-content\\\/uploads\\\/2021\\\/10\\\/cropped-ABC_favicon_blanc.jpg\",\"width\":512,\"height\":512,\"caption\":\"ABC Plus\"},\"image\":{\"@id\":\"https:\\\/\\\/www.abcplus.ca\\\/#\\\/schema\\\/logo\\\/image\\\/\"},\"sameAs\":[\"https:\\\/\\\/www.facebook.com\\\/abplustraduction\"]}]}<\/script>\n<!-- \/ Yoast SEO plugin. -->","yoast_head_json":{"title":"Nous joindre - ABC Plus traduction","robots":{"index":"index","follow":"follow","max-snippet":"max-snippet:-1","max-image-preview":"max-image-preview:large","max-video-preview":"max-video-preview:-1"},"canonical":"https:\/\/www.abcplus.ca\/en\/nous-joindre\/","og_locale":"en_US","og_type":"article","og_title":"Nous joindre - ABC Plus traduction","og_description":"Vous voulez faire traduire un document en fran\u00e7ais ou en anglais? ABC Plus\u00a0peut r\u00e9pondre \u00e0 vos besoins en mati\u00e8re de traduction! Nous offrons des tarifs concurrentiels et des d\u00e9lais de livraison rapides. Pour obtenir un devis,\u00a0 veuillez communiquer avec\u00a0ABC Plus\u00a0Traduction par t\u00e9l\u00e9phone au\u00a0514 831-4127 ou par courriel \u00e0\u00a0info@abcplus.ca. Nous serons heureux de vous fournir un [&hellip;]","og_url":"https:\/\/www.abcplus.ca\/en\/nous-joindre\/","og_site_name":"ABC Plus traduction","article_publisher":"https:\/\/www.facebook.com\/abplustraduction","article_modified_time":"2022-05-17T03:06:47+00:00","og_image":[{"width":512,"height":512,"url":"https:\/\/www.abcplus.ca\/wp-content\/uploads\/2021\/10\/cropped-ABC_favicon_blanc.jpg","type":"image\/jpeg"}],"twitter_card":"summary_large_image","twitter_misc":{"Est. reading time":"1 minute"},"schema":{"@context":"https:\/\/schema.org","@graph":[{"@type":"WebPage","@id":"https:\/\/www.abcplus.ca\/nous-joindre\/","url":"https:\/\/www.abcplus.ca\/nous-joindre\/","name":"Nous joindre - ABC Plus traduction","isPartOf":{"@id":"https:\/\/www.abcplus.ca\/#website"},"datePublished":"2021-10-10T17:33:53+00:00","dateModified":"2022-05-17T03:06:47+00:00","breadcrumb":{"@id":"https:\/\/www.abcplus.ca\/nous-joindre\/#breadcrumb"},"inLanguage":"en-CA","potentialAction":[{"@type":"ReadAction","target":["https:\/\/www.abcplus.ca\/nous-joindre\/"]}]},{"@type":"BreadcrumbList","@id":"https:\/\/www.abcplus.ca\/nous-joindre\/#breadcrumb","itemListElement":[{"@type":"ListItem","position":1,"name":"Accueil","item":"https:\/\/www.abcplus.ca\/"},{"@type":"ListItem","position":2,"name":"Nous joindre"}]},{"@type":"WebSite","@id":"https:\/\/www.abcplus.ca\/#website","url":"https:\/\/www.abcplus.ca\/","name":"ABC Plus traduction","description":"traduction\/translation","publisher":{"@id":"https:\/\/www.abcplus.ca\/#organization"},"potentialAction":[{"@type":"SearchAction","target":{"@type":"EntryPoint","urlTemplate":"https:\/\/www.abcplus.ca\/?s={search_term_string}"},"query-input":{"@type":"PropertyValueSpecification","valueRequired":true,"valueName":"search_term_string"}}],"inLanguage":"en-CA"},{"@type":"Organization","@id":"https:\/\/www.abcplus.ca\/#organization","name":"ABC Plus","url":"https:\/\/www.abcplus.ca\/","logo":{"@type":"ImageObject","inLanguage":"en-CA","@id":"https:\/\/www.abcplus.ca\/#\/schema\/logo\/image\/","url":"https:\/\/www.abcplus.ca\/wp-content\/uploads\/2021\/10\/cropped-ABC_favicon_blanc.jpg","contentUrl":"https:\/\/www.abcplus.ca\/wp-content\/uploads\/2021\/10\/cropped-ABC_favicon_blanc.jpg","width":512,"height":512,"caption":"ABC Plus"},"image":{"@id":"https:\/\/www.abcplus.ca\/#\/schema\/logo\/image\/"},"sameAs":["https:\/\/www.facebook.com\/abplustraduction"]}]}},"_links":{"self":[{"href":"https:\/\/www.abcplus.ca\/en\/wp-json\/wp\/v2\/pages\/34","targetHints":{"allow":["GET"]}}],"collection":[{"href":"https:\/\/www.abcplus.ca\/en\/wp-json\/wp\/v2\/pages"}],"about":[{"href":"https:\/\/www.abcplus.ca\/en\/wp-json\/wp\/v2\/types\/page"}],"author":[{"embeddable":true,"href":"https:\/\/www.abcplus.ca\/en\/wp-json\/wp\/v2\/users\/1"}],"replies":[{"embeddable":true,"href":"https:\/\/www.abcplus.ca\/en\/wp-json\/wp\/v2\/comments?post=34"}],"version-history":[{"count":3,"href":"https:\/\/www.abcplus.ca\/en\/wp-json\/wp\/v2\/pages\/34\/revisions"}],"predecessor-version":[{"id":1497,"href":"https:\/\/www.abcplus.ca\/en\/wp-json\/wp\/v2\/pages\/34\/revisions\/1497"}],"wp:attachment":[{"href":"https:\/\/www.abcplus.ca\/en\/wp-json\/wp\/v2\/media?parent=34"}],"curies":[{"name":"wp","href":"https:\/\/api.w.org\/{rel}","templated":true}]}}